{"id":83,"date":"2020-03-12T18:00:10","date_gmt":"2020-03-12T18:00:10","guid":{"rendered":"http:\/\/digitalcondominios.com.br\/?page_id=83"},"modified":"2020-06-15T18:24:02","modified_gmt":"2020-06-15T18:24:02","slug":"servicos-2","status":"publish","type":"page","link":"https:\/\/digitalcondominios.com.br\/index.php\/servicos-2\/","title":{"rendered":"Servi\u00e7os"},"content":{"rendered":"\n<p><strong>Servi\u00e7os Financeiros<\/strong><\/p>\n\n\n\n<figure class=\"wp-block-table\"><table><tbody><tr><td><strong>Previs\u00e3o or\u00e7ament\u00e1ria<\/strong><\/td><td>Elabora\u00e7\u00e3o de previs\u00e3o or\u00e7amentaria mensal e anual<\/td><\/tr><tr><td><strong>Recebimentos<\/strong><\/td><td>Contas a Receber \u2013 emiss\u00e3o de boletos (digital) e controle de recebimentos<\/td><\/tr><tr><td><strong>Contas a pagar<\/strong><\/td><td>Pagamento das despesas mensais do condom\u00ednio <\/td><\/tr><tr><td><strong>Presta\u00e7\u00e3o de Contas<\/strong><\/td><td>Balancete mensal no boleto da taxa de <strong>condom\u00ednio<\/strong>, com discrimina\u00e7\u00e3o dos recebimentos e das despesas do m\u00eas, disponibilizado 24hs por dia na plataforma Digital Condom\u00ednios\/Ucondo.<\/td><\/tr><tr><td><strong>Banco<\/strong><\/td><td>Controle de saldo banc\u00e1rio e Concilia\u00e7\u00e3o bancaria<\/td><\/tr><tr><td><strong>Gest\u00e3o<\/strong><\/td><td>Gest\u00e3o tributaria e Obten\u00e7\u00e3o de cnds<\/td><\/tr><\/tbody><\/table><\/figure>\n\n\n\n<p><strong>Servi\u00e7os administrativos<\/strong><\/p>\n\n\n\n<p>Gest\u00e3o documental (digital)<\/p>\n\n\n\n<p>Controle de cadastro de propriet\u00e1rios<\/p>\n\n\n\n<p>Emiss\u00e3o de demonstrativo mensal e anual (digital)<\/p>\n\n\n\n<p>Emiss\u00e3o de relat\u00f3rios diversos: Fluxo de caixa, extrato de contas, balancetes e etc<\/p>\n\n\n\n<p>Assembleias Virtuais<\/p>\n\n\n\n<p>Confec\u00e7\u00e3o de Editais \/ Atas \/ Cartas \/ <\/p>\n\n\n\n<p>Comunicados<\/p>\n\n\n\n<p>Registros de \u00e1gua e g\u00e1s<\/p>\n\n\n\n<p><strong>Software Gratuito<\/strong><\/p>\n\n\n\n<p>A Digital Condom\u00ednios conta com uma poderosa Plataforma de controle financeiro e social para o condom\u00ednio. Onde s\u00edndico e moradores podem ter acesso 24hs por dia, 7 dias por semana!<\/p>\n\n\n\n<ul><li>Envio de e-mails ilimitados<\/li><li>Backup e seguran\u00e7a dos dados em nuvem<\/li><li>Controle de acesso (portaria)<\/li><li>Acessos \u00e0 (relat\u00f3rios) e boletos<\/li><li>Livro de ocorr\u00eancias e informativos<\/li><\/ul>\n\n\n\n<p><\/p>\n","protected":false},"excerpt":{"rendered":"<p>Servi\u00e7os Financeiros Previs\u00e3o or\u00e7ament\u00e1ria Elabora\u00e7\u00e3o de previs\u00e3o or\u00e7amentaria mensal e anual Recebimentos Contas a Receber \u2013 emiss\u00e3o de boletos (digital) e controle de recebimentos Contas a pagar Pagamento das despesas mensais do condom\u00ednio Presta\u00e7\u00e3o de Contas Balancete mensal no boleto da taxa de condom\u00ednio, com discrimina\u00e7\u00e3o dos recebimentos e das despesas do m\u00eas, disponibilizado 24hs [&hellip;]<\/p>\n","protected":false},"author":1,"featured_media":0,"parent":0,"menu_order":0,"comment_status":"closed","ping_status":"closed","template":"","meta":[],"_links":{"self":[{"href":"https:\/\/digitalcondominios.com.br\/index.php\/wp-json\/wp\/v2\/pages\/83"}],"collection":[{"href":"https:\/\/digitalcondominios.com.br\/index.php\/wp-json\/wp\/v2\/pages"}],"about":[{"href":"https:\/\/digitalcondominios.com.br\/index.php\/wp-json\/wp\/v2\/types\/page"}],"author":[{"embeddable":true,"href":"https:\/\/digitalcondominios.com.br\/index.php\/wp-json\/wp\/v2\/users\/1"}],"replies":[{"embeddable":true,"href":"https:\/\/digitalcondominios.com.br\/index.php\/wp-json\/wp\/v2\/comments?post=83"}],"version-history":[{"count":2,"href":"https:\/\/digitalcondominios.com.br\/index.php\/wp-json\/wp\/v2\/pages\/83\/revisions"}],"predecessor-version":[{"id":311,"href":"https:\/\/digitalcondominios.com.br\/index.php\/wp-json\/wp\/v2\/pages\/83\/revisions\/311"}],"wp:attachment":[{"href":"https:\/\/digitalcondominios.com.br\/index.php\/wp-json\/wp\/v2\/media?parent=83"}],"curies":[{"name":"wp","href":"https:\/\/api.w.org\/{rel}","templated":true}]}}