{"id":79,"date":"2020-03-12T17:58:26","date_gmt":"2020-03-12T17:58:26","guid":{"rendered":"http:\/\/digitalcondominios.com.br\/?page_id=79"},"modified":"2020-03-12T20:21:13","modified_gmt":"2020-03-12T20:21:13","slug":"quem-somos-2","status":"publish","type":"page","link":"https:\/\/digitalcondominios.com.br\/index.php\/quem-somos-2\/","title":{"rendered":"Quem Somos"},"content":{"rendered":"\n<p>\u00a0 <\/p>\n\n\n\n<p class=\"has-text-align-left\"> <\/p>\n\n\n\n<p>A Digital\nCONDOM\u00cdNIOS \u00e9 uma administradora de condom\u00ednios digital, que veio para\ndescomplicar a gest\u00e3o do condom\u00ednio \u00e9 s\u00edndico.&nbsp;<\/p>\n\n\n\n<p>Ou seja,\na administra\u00e7\u00e3o do seu condom\u00ednio \u00e9 100% online atrav\u00e9s de um sistema, com\ntodos os processos e servi\u00e7os de uma administradora tradicional. Dessa maneira\nvoc\u00ea reduz expressivamente os custos, com papeis e tarifas banc\u00e1rias, al\u00e9m de\notimizar seu tempo e os processos do seu condom\u00ednio.&nbsp;<\/p>\n\n\n\n<p>Tudo isso\ndeixa a sua gest\u00e3o mais transparente, pois voc\u00ea tem controle em tempo real de\ntodos os pagamentos e recebimentos do seu condom\u00ednio.<\/p>\n\n\n\n<p>Vamos te\najudar a fazer uma gest\u00e3o estrat\u00e9gica e sem desperd\u00edcios, o que resulta em mais\ntempo para o que realmente importa.&nbsp;<\/p>\n\n\n\n<p>A Digital Condom\u00ednios e\u00a0formada por um time de pessoas destemidas em uma miss\u00e3o ousada, com experi\u00eancia em gest\u00e3o imobiliaria\u00a0financeria com mais de 10 anos no mercado.<\/p>\n\n\n\n<p>Focamos em oferecer um atendimento&nbsp;<strong>\u00e1gil,\neficaz e diferenciado<\/strong>, contribuindo para o seu crescimento, utilizando da\n\u00e9tica, compet\u00eancia e responsabilidade em nossos servi\u00e7os, procurando manter\nnossos clientes sempre atualizados e preparados para o mercado, elevando a\nconfiabilidade, reconhecimento e satisfa\u00e7\u00e3o.&nbsp;&nbsp;<\/p>\n\n\n\n<p><\/p>\n","protected":false},"excerpt":{"rendered":"<p>\u00a0 A Digital CONDOM\u00cdNIOS \u00e9 uma administradora de condom\u00ednios digital, que veio para descomplicar a gest\u00e3o do condom\u00ednio \u00e9 s\u00edndico.&nbsp; Ou seja, a administra\u00e7\u00e3o do seu condom\u00ednio \u00e9 100% online atrav\u00e9s de um sistema, com todos os processos e servi\u00e7os de uma administradora tradicional. Dessa maneira voc\u00ea reduz expressivamente os custos, com papeis e tarifas [&hellip;]<\/p>\n","protected":false},"author":1,"featured_media":0,"parent":0,"menu_order":0,"comment_status":"closed","ping_status":"closed","template":"","meta":[],"_links":{"self":[{"href":"https:\/\/digitalcondominios.com.br\/index.php\/wp-json\/wp\/v2\/pages\/79"}],"collection":[{"href":"https:\/\/digitalcondominios.com.br\/index.php\/wp-json\/wp\/v2\/pages"}],"about":[{"href":"https:\/\/digitalcondominios.com.br\/index.php\/wp-json\/wp\/v2\/types\/page"}],"author":[{"embeddable":true,"href":"https:\/\/digitalcondominios.com.br\/index.php\/wp-json\/wp\/v2\/users\/1"}],"replies":[{"embeddable":true,"href":"https:\/\/digitalcondominios.com.br\/index.php\/wp-json\/wp\/v2\/comments?post=79"}],"version-history":[{"count":3,"href":"https:\/\/digitalcondominios.com.br\/index.php\/wp-json\/wp\/v2\/pages\/79\/revisions"}],"predecessor-version":[{"id":116,"href":"https:\/\/digitalcondominios.com.br\/index.php\/wp-json\/wp\/v2\/pages\/79\/revisions\/116"}],"wp:attachment":[{"href":"https:\/\/digitalcondominios.com.br\/index.php\/wp-json\/wp\/v2\/media?parent=79"}],"curies":[{"name":"wp","href":"https:\/\/api.w.org\/{rel}","templated":true}]}}