{"id":217,"date":"2020-05-29T18:06:39","date_gmt":"2020-05-29T18:06:39","guid":{"rendered":"http:\/\/digitalcondominios.com.br\/?page_id=217"},"modified":"2020-06-12T21:24:57","modified_gmt":"2020-06-12T21:24:57","slug":"https-web-ucondo-com-br-login-aspx","status":"publish","type":"page","link":"https:\/\/digitalcondominios.com.br\/index.php\/https-web-ucondo-com-br-login-aspx\/","title":{"rendered":"\u00c1rea do Cliente"},"content":{"rendered":"\nPara segunda via do boleto, inserir o e-mail e senha, fornecidos pela administradora, no campo abaixo:\n<p><iframe src=\"https:\/\/web.ucondo.com.br\/login.aspx\" width=\"50%\" style=height=\"100%;\"><iframe>\n<body><\/body><\/iframe><\/iframe><\/p>\n\nCaso n\u00e3o tenha conseguido emitir seu boleto, favor clicar no link abaixo, voc\u00ea ser\u00e1 direcionado para outro pagina. \n<p><a href=\"https:\/\/web.ucondo.com.br\/login.aspx\">Segunda Via Boleto<\/a><\/p>\n\n\n\n<p><\/p>\n","protected":false},"excerpt":{"rendered":"<p>Para segunda via do boleto, inserir o e-mail e senha, fornecidos pela administradora, no campo abaixo: Caso n\u00e3o tenha conseguido emitir seu boleto, favor clicar no link abaixo, voc\u00ea ser\u00e1 direcionado para outro pagina. Segunda Via Boleto<\/p>\n","protected":false},"author":1,"featured_media":0,"parent":0,"menu_order":0,"comment_status":"closed","ping_status":"closed","template":"","meta":[],"_links":{"self":[{"href":"https:\/\/digitalcondominios.com.br\/index.php\/wp-json\/wp\/v2\/pages\/217"}],"collection":[{"href":"https:\/\/digitalcondominios.com.br\/index.php\/wp-json\/wp\/v2\/pages"}],"about":[{"href":"https:\/\/digitalcondominios.com.br\/index.php\/wp-json\/wp\/v2\/types\/page"}],"author":[{"embeddable":true,"href":"https:\/\/digitalcondominios.com.br\/index.php\/wp-json\/wp\/v2\/users\/1"}],"replies":[{"embeddable":true,"href":"https:\/\/digitalcondominios.com.br\/index.php\/wp-json\/wp\/v2\/comments?post=217"}],"version-history":[{"count":16,"href":"https:\/\/digitalcondominios.com.br\/index.php\/wp-json\/wp\/v2\/pages\/217\/revisions"}],"predecessor-version":[{"id":313,"href":"https:\/\/digitalcondominios.com.br\/index.php\/wp-json\/wp\/v2\/pages\/217\/revisions\/313"}],"wp:attachment":[{"href":"https:\/\/digitalcondominios.com.br\/index.php\/wp-json\/wp\/v2\/media?parent=217"}],"curies":[{"name":"wp","href":"https:\/\/api.w.org\/{rel}","templated":true}]}}